{"id":10405,"date":"2016-07-19T16:18:21","date_gmt":"2016-07-19T16:18:21","guid":{"rendered":"http:\/\/alquezarbuenaventura.com\/iniciacion-a-la-escalada-2\/"},"modified":"2019-04-29T22:09:29","modified_gmt":"2019-04-29T22:09:29","slug":"escalade-sierra-de-guara","status":"publish","type":"page","link":"https:\/\/alquezarbuenaventura.com\/fr\/escalade-sierra-de-guara\/","title":{"rendered":"Initiation a la escalade &#8211; Sierra de Guara"},"content":{"rendered":"\n<style type=\"text\/css\" data-created_by=\"avia_inline_auto\" id=\"style-css-av-av_one_half-9497bbf8bff73ea4c6992cc17fa9ec36\">\n.flex_column.av-av_one_half-9497bbf8bff73ea4c6992cc17fa9ec36{\nborder-radius:0px 0px 0px 0px;\n-webkit-border-radius:0px 0px 0px 0px;\n-moz-border-radius:0px 0px 0px 0px;\n}\n<\/style>\n<div class='flex_column av-av_one_half-9497bbf8bff73ea4c6992cc17fa9ec36 av_one_half  avia-builder-el-0  el_before_av_one_half  avia-builder-el-first  first flex_column_div av-zero-column-padding '   ><p>\n<style type=\"text\/css\" data-created_by=\"avia_inline_auto\" id=\"style-css-av-av_heading-2386d776ce37a23355af0c15b410cd1e\">\n#top .av-special-heading.av-av_heading-2386d776ce37a23355af0c15b410cd1e{\npadding-bottom:10px;\n}\nbody .av-special-heading.av-av_heading-2386d776ce37a23355af0c15b410cd1e .av-special-heading-tag .heading-char{\nfont-size:25px;\n}\n.av-special-heading.av-av_heading-2386d776ce37a23355af0c15b410cd1e .av-subheading{\nfont-size:15px;\n}\n<\/style>\n<div  class='av-special-heading av-av_heading-2386d776ce37a23355af0c15b410cd1e av-special-heading-h2  avia-builder-el-1  el_before_av_hr  avia-builder-el-first '><h2 class='av-special-heading-tag'  itemprop=\"headline\"  >INITIATION \u00c0 L\u2019ESCALADE<\/h2><div class=\"special-heading-border\"><div class=\"special-heading-inner-border\"><\/div><\/div><\/div><br \/>\n\n<style type=\"text\/css\" data-created_by=\"avia_inline_auto\" id=\"style-css-av-av_hr-7d49cdff786ae154eea903594fd0a91b\">\n#top .hr.hr-invisible.av-av_hr-7d49cdff786ae154eea903594fd0a91b{\nmargin-top:-5px;\nheight:1px;\n}\n<\/style>\n<div  class='hr av-av_hr-7d49cdff786ae154eea903594fd0a91b hr-invisible  avia-builder-el-2  el_after_av_heading  el_before_av_textblock '><span class='hr-inner '><span class=\"hr-inner-style\"><\/span><\/span><\/div><br \/>\n\n<style type=\"text\/css\" data-created_by=\"avia_inline_auto\" id=\"style-css-av-av_textblock-332b8452e531394f66aaf2c4eca7ad4b\">\n#top .av_textblock_section.av-av_textblock-332b8452e531394f66aaf2c4eca7ad4b .avia_textblock{\nfont-size:14px;\n}\n<\/style>\n<section  class='av_textblock_section av-av_textblock-332b8452e531394f66aaf2c4eca7ad4b'  itemscope=\"itemscope\" itemtype=\"https:\/\/schema.org\/CreativeWork\" ><div class='avia_textblock av_inherit_color'  itemprop=\"text\" ><p class=\"p1\"><b><\/b><span class=\"s1\" style=\"color: #000000;\"><b>Parmi les diff\u00e9rents sports pratiqu\u00e9s en Sierra de Guara, l\u2019escalade est l\u2019une des activit\u00e9s les plus palpitantes.<\/b><\/span><\/p>\n<p class=\"p3\"><span class=\"s1\">Nous vous proposons une demi-journ\u00e9e d\u2019escalade des parois d\u2019Alqu\u00e9zar, pour apprendre et escalader la roche naturelle, monter et descendre en rappel plusieurs voies. Vous serez en totale s\u00e9curit\u00e9 pendant toute la dur\u00e9e de l\u2019activit\u00e9.<\/span><\/p>\n<p class=\"p3\"><span class=\"s1\">Nous commencerons par des voies tr\u00e8s simples et augmenterons la difficult\u00e9 progressivement, c\u2019est ainsi que vous escaladerez d\u00e8s le premier instant et que vous conna\u00eetrez vos limites sans que cela soit d\u00e8s le d\u00e9but une source de frustration.<\/span><\/p>\n<p class=\"p2\"><span class=\"s1\" style=\"color: #000000;\"><b>Si vous ce sport vous attire, ne restez pas sur votre faim !<\/b><\/span><\/p>\n<\/div><\/section><br \/>\n\n<style type=\"text\/css\" data-created_by=\"avia_inline_auto\" id=\"style-css-av-av_iconlist-2a1dc73296c5cd1436c191be85a152e7\">\n#top .avia-icon-list-container.av-av_iconlist-2a1dc73296c5cd1436c191be85a152e7 .iconlist_icon{\ncolor:#ffffff;\nbackground-color:#1c8489;\nborder:1px solid #1c8489;\n}\n#top #wrap_all .avia-icon-list-container.av-av_iconlist-2a1dc73296c5cd1436c191be85a152e7 .av_iconlist_title{\ncolor:#000000;\n}\n.avia-icon-list-container.av-av_iconlist-2a1dc73296c5cd1436c191be85a152e7 .iconlist_content{\ncolor:#424242;\n}\n<\/style>\n<div  class='avia-icon-list-container av-av_iconlist-2a1dc73296c5cd1436c191be85a152e7  avia-builder-el-4  el_after_av_textblock  avia-builder-el-last '><ul class='avia-icon-list avia_animate_when_almost_visible avia-icon-list-left av-iconlist-big av-av_iconlist-2a1dc73296c5cd1436c191be85a152e7 avia-iconlist-animate'>\n<li><div class='iconlist_icon av-av_iconlist_item-16a747938501ec238df4f37147020688 avia-font-entypo-fontello'><span class='iconlist-char' aria-hidden='true' data-av_icon='\ue81f' data-av_iconfont='entypo-fontello'><\/span><\/div><article class=\"article-icon-entry \"  itemscope=\"itemscope\" itemtype=\"https:\/\/schema.org\/CreativeWork\" ><div class=\"iconlist_content_wrap\"><header class=\"entry-content-header\"><h4 class='av_iconlist_title iconlist_title  av_inherit_color'  itemprop=\"headline\" >CONDITIONS REQUISES<\/h4><\/header><div class='iconlist_content av_inherit_color'  itemprop=\"text\" ><p>\u2013 Il n\u2019est pas n\u00e9cessaire d\u2019avoir d\u2019exp\u00e9rience pr\u00e9alable.<\/p>\n<\/div><\/div><footer class=\"entry-footer\"><\/footer><\/article><div class=\"iconlist-timeline\"><\/div><\/li>\n<li><div class='iconlist_icon av-av_iconlist_item-5320469cb90b01d2fbb1c943ca7c0753 avia-font-entypo-fontello'><span class='iconlist-char' aria-hidden='true' data-av_icon='\ue84b' data-av_iconfont='entypo-fontello'><\/span><\/div><article class=\"article-icon-entry \"  itemscope=\"itemscope\" itemtype=\"https:\/\/schema.org\/CreativeWork\" ><div class=\"iconlist_content_wrap\"><header class=\"entry-content-header\"><h4 class='av_iconlist_title iconlist_title  av_inherit_color'  itemprop=\"headline\" >COMPRENDS<\/h4><\/header><div class='iconlist_content av_inherit_color'  itemprop=\"text\" ><p><span class=\"s1\">-Pour le realisation de l\u2019activit\u00e9 nous apportons:<\/span><\/p>\n<p class=\"p1\"><span class=\"s1\">\u2022 Gu\u00edde sp\u00e9cialis\u00e9.<\/span><\/p>\n<p class=\"p1\"><span class=\"s1\">\u2022 Mat\u00e9riel t\u00e9chnique pour la r\u00e9alisation des activit\u00e9s.<\/span><\/p>\n<p class=\"p1\"><span class=\"s1\">\u2022 L\u2019assurance d\u2019accidents.<\/span><\/p>\n<p class=\"p1\"><span class=\"s1\">\u2022 Voiture de soutien.<\/span><\/p>\n<\/div><\/div><footer class=\"entry-footer\"><\/footer><\/article><div class=\"iconlist-timeline\"><\/div><\/li>\n<li><div class='iconlist_icon av-av_iconlist_item-96138922b89de6c6d3ae7d7566733062 avia-font-entypo-fontello'><span class='iconlist-char' aria-hidden='true' data-av_icon='\ue836' data-av_iconfont='entypo-fontello'><\/span><\/div><article class=\"article-icon-entry \"  itemscope=\"itemscope\" itemtype=\"https:\/\/schema.org\/CreativeWork\" ><div class=\"iconlist_content_wrap\"><header class=\"entry-content-header\"><h4 class='av_iconlist_title iconlist_title  av_inherit_color'  itemprop=\"headline\" > MAT\u00c9RIEL<\/h4><\/header><div class='iconlist_content av_inherit_color'  itemprop=\"text\" ><p class=\"p1\"><span class=\"s1\">Pour le r\u00e9alisation des activit\u00e9s il faut apporter:\u00a0<\/span><\/p>\n<p class=\"p1\"><span class=\"s1\">\u2022 Son v\u00e9hicule personnel.<\/span><\/p>\n<p class=\"p1\"><span class=\"s1\">\u2022<\/span>Baskets ou bottes de montagne.<\/p>\n<p class=\"p1\">\u2022 V\u00eatements confortables qui ne limitent pas les mouvements.<\/p>\n<p class=\"p1\">\u2022 Chaussures\/bottes de montagne, avec des lacets si posible.<\/p>\n<p class=\"p1\"><span class=\"s1\">\u2022 Pique-nique (s\u00e1ndwich, \u00bd litre d\u2019eau par personne, des fruits secs\u2026).<\/span><\/p>\n<\/div><\/div><footer class=\"entry-footer\"><\/footer><\/article><div class=\"iconlist-timeline\"><\/div><\/li>\n<li><div class='iconlist_icon av-av_iconlist_item-f5a858c769c54669a0e405f5a2a01544 avia-font-entypo-fontello'><span class='iconlist-char' aria-hidden='true' data-av_icon='\ue863' data-av_iconfont='entypo-fontello'><\/span><\/div><article class=\"article-icon-entry \"  itemscope=\"itemscope\" itemtype=\"https:\/\/schema.org\/CreativeWork\" ><div class=\"iconlist_content_wrap\"><header class=\"entry-content-header\"><h4 class='av_iconlist_title iconlist_title  av_inherit_color'  itemprop=\"headline\" >DUR\u00c9E<\/h4><\/header><div class='iconlist_content av_inherit_color'  itemprop=\"text\" ><p class=\"p1\"><span class=\"s1\">1\/2 JOURN\u00c9E: 4H<\/span><\/p>\n<p class=\"p1\">1 JOURN\u00c9E: 8H<\/p>\n<\/div><\/div><footer class=\"entry-footer\"><\/footer><\/article><div class=\"iconlist-timeline\"><\/div><\/li>\n<li><div class='iconlist_icon av-av_iconlist_item-09ea2e75a03f73ed6669a1e948276f6f avia-font-entypo-fontello'><span class='iconlist-char' aria-hidden='true' data-av_icon='\ue8cf' data-av_iconfont='entypo-fontello'><\/span><\/div><article class=\"article-icon-entry \"  itemscope=\"itemscope\" itemtype=\"https:\/\/schema.org\/CreativeWork\" ><div class=\"iconlist_content_wrap\"><header class=\"entry-content-header\"><h4 class='av_iconlist_title iconlist_title  av_inherit_color'  itemprop=\"headline\" >PRIX<\/h4><\/header><div class='iconlist_content av_inherit_color'  itemprop=\"text\" ><p class=\"p1\"><span class=\"s1\">1\/2 JOURN\u00c9E: 70\u20ac\/PAX<\/span><\/p>\n<p class=\"p1\">1 JOURN\u00c9E: 75\u20ac\/PAX<\/p>\n<\/div><\/div><footer class=\"entry-footer\"><\/footer><\/article><div class=\"iconlist-timeline\"><\/div><\/li>\n<\/ul><\/div><\/p><\/div>\n<style type=\"text\/css\" data-created_by=\"avia_inline_auto\" id=\"style-css-av-av_one_half-9c1d454dc06f7247226bc4e8f931daae\">\n.flex_column.av-av_one_half-9c1d454dc06f7247226bc4e8f931daae{\nborder-radius:0px 0px 0px 0px;\n-webkit-border-radius:0px 0px 0px 0px;\n-moz-border-radius:0px 0px 0px 0px;\n}\n<\/style>\n<div class='flex_column av-av_one_half-9c1d454dc06f7247226bc4e8f931daae av_one_half  avia-builder-el-5  el_after_av_one_half  avia-builder-el-last  flex_column_div av-zero-column-padding '   ><p>\n<style type=\"text\/css\" data-created_by=\"avia_inline_auto\" id=\"style-css-av-av_gallery-6e51425cf74144c37e4529014b912646\">\n#top .avia-gallery.av-av_gallery-6e51425cf74144c37e4529014b912646 .avia-gallery-thumb a{\nwidth:25%;\n}\n<\/style>\n<div  class='avia-gallery av-av_gallery-6e51425cf74144c37e4529014b912646 avia_animate_when_visible  avia-builder-el-6  el_before_av_hr  avia-builder-el-first  av-hide-gallery-thumbs deactivate_avia_lazyload avia-gallery-animate avia-gallery-1'  itemprop=\"image\" itemscope=\"itemscope\" itemtype=\"https:\/\/schema.org\/ImageObject\" ><a class='avia-gallery-big fakeLightbox lightbox avia-gallery-big-crop-thumb ' href=\"https:\/\/alquezarbuenaventura.com\/wp-content\/uploads\/P4070134-4.jpg\" data-srcset=\"https:\/\/alquezarbuenaventura.com\/wp-content\/uploads\/P4070134-4.jpg 563w, https:\/\/alquezarbuenaventura.com\/wp-content\/uploads\/P4070134-4-300x225.jpg 300w, https:\/\/alquezarbuenaventura.com\/wp-content\/uploads\/P4070134-4-450x337.jpg 450w\" data-sizes=\"(max-width: 563px) 100vw, 563px\"  data-onclick='1' title='escalada iniciacion' ><span class='avia-gallery-big-inner'  itemprop=\"thumbnailUrl\" ><img decoding=\"async\" class=\"wp-image-16757 avia-img-lazy-loading-not-16757\"  width=\"563\" height=\"422\" src=\"https:\/\/alquezarbuenaventura.com\/wp-content\/uploads\/P4070134-4.jpg\" title='escalada iniciacion' alt='' srcset=\"https:\/\/alquezarbuenaventura.com\/wp-content\/uploads\/P4070134-4.jpg 563w, https:\/\/alquezarbuenaventura.com\/wp-content\/uploads\/P4070134-4-300x225.jpg 300w, https:\/\/alquezarbuenaventura.com\/wp-content\/uploads\/P4070134-4-450x337.jpg 450w\" sizes=\"(max-width: 563px) 100vw, 563px\" \/><\/span><\/a><div class='avia-gallery-thumb'><a href=\"https:\/\/alquezarbuenaventura.com\/wp-content\/uploads\/P4070134-4.jpg\" data-srcset=\"https:\/\/alquezarbuenaventura.com\/wp-content\/uploads\/P4070134-4.jpg 563w, https:\/\/alquezarbuenaventura.com\/wp-content\/uploads\/P4070134-4-300x225.jpg 300w, https:\/\/alquezarbuenaventura.com\/wp-content\/uploads\/P4070134-4-450x337.jpg 450w\" data-sizes=\"(max-width: 563px) 100vw, 563px\" data-rel='gallery-1' data-prev-img='https:\/\/alquezarbuenaventura.com\/wp-content\/uploads\/P4070134-4.jpg' class='first_thumb lightbox ' data-onclick='1' title='escalada iniciacion'  itemprop=\"thumbnailUrl\"  ><img decoding=\"async\" class=\"wp-image-16757 avia-img-lazy-loading-not-16757\"   src=\"https:\/\/alquezarbuenaventura.com\/wp-content\/uploads\/P4070134-4-495x400.jpg\" width=\"495\" height=\"400\"  title='escalada iniciacion' alt='' \/><div class='big-prev-fake'><img loading=\"lazy\" decoding=\"async\" class=\"wp-image-16757 avia-img-lazy-loading-16757\"  width=\"563\" height=\"422\" src=\"https:\/\/alquezarbuenaventura.com\/wp-content\/uploads\/P4070134-4.jpg\" title='escalada iniciacion' alt='' srcset=\"https:\/\/alquezarbuenaventura.com\/wp-content\/uploads\/P4070134-4.jpg 563w, https:\/\/alquezarbuenaventura.com\/wp-content\/uploads\/P4070134-4-300x225.jpg 300w, https:\/\/alquezarbuenaventura.com\/wp-content\/uploads\/P4070134-4-450x337.jpg 450w\" sizes=\"(max-width: 563px) 100vw, 563px\" \/><\/div><\/a><\/div><\/div><br \/>\n\n<style type=\"text\/css\" data-created_by=\"avia_inline_auto\" id=\"style-css-av-av_hr-a07f7596b1fca85f6595a75d593069df\">\n#top .hr.hr-invisible.av-av_hr-a07f7596b1fca85f6595a75d593069df{\nheight:40px;\n}\n<\/style>\n<div  class='hr av-av_hr-a07f7596b1fca85f6595a75d593069df hr-invisible  avia-builder-el-7  el_after_av_gallery  el_before_av_contact '><span class='hr-inner '><span class=\"hr-inner-style\"><\/span><\/span><\/div><br \/>\n<form action=\"https:\/\/alquezarbuenaventura.com\/fr\/escalade-sierra-de-guara\/\" method=\"post\"  class=\"avia_ajax_form av-form-labels-visible   avia-builder-el-8  el_after_av_hr  avia-builder-el-last   \" data-avia-form-id=\"1\" data-avia-redirect='' ><h3 class=''>CONTACT ET RESERVATION INITIATION \u00c0 L\u2019ESCALADE<\/h3><fieldset><p class='  first_form  form_element form_fullwidth' id='element_avia_1_1'><label for=\"avia_1_1\">Prenom <abbr class=\"required\" title=\"requis(e)\">*<\/abbr><\/label> <input name=\"avia_1_1\" class=\"text_input is_empty\" type=\"text\" id=\"avia_1_1\" value=\"\" \/><\/p><p class='  first_form  form_element form_fullwidth' id='element_avia_2_1'><label for=\"avia_2_1\">Adresse \u00e9lectronique  <abbr class=\"required\" title=\"requis(e)\">*<\/abbr><\/label> <input name=\"avia_2_1\" class=\"text_input is_email\" type=\"text\" id=\"avia_2_1\" value=\"\" \/><\/p><p class='  first_form  form_element form_fullwidth av-last-visible-form-element' id='element_avia_3_1'><label for=\"avia_3_1\" class=\"textare_label hidden textare_label_avia_3_1\">Comentaires <abbr class=\"required\" title=\"requis(e)\">*<\/abbr><\/label><textarea  name=\"avia_3_1\" class=\"text_area is_empty\" cols=\"40\" rows=\"7\" id=\"avia_3_1\" ><\/textarea><\/p><p class=\"hidden\"><input type=\"text\" name=\"avia_4_1\" class=\"hidden \" id=\"avia_4_1\" value=\"\" \/><\/p><p class=\"form_element \"><input type=\"hidden\" value=\"1\" name=\"avia_generated_form1\" \/><input type=\"submit\" value=\"Enviar\" class=\"button\"  data-sending-label=\"Envoi\"\/><\/p><\/fieldset><\/form><div id=\"ajaxresponse_1\" class=\"ajaxresponse ajaxresponse_1 hidden\"><\/div><\/p><\/div><\/p>\n","protected":false},"excerpt":{"rendered":"","protected":false},"author":1,"featured_media":0,"parent":0,"menu_order":0,"comment_status":"closed","ping_status":"closed","template":"","meta":{"footnotes":""},"aioseo_notices":[],"_links":{"self":[{"href":"https:\/\/alquezarbuenaventura.com\/fr\/wp-json\/wp\/v2\/pages\/10405"}],"collection":[{"href":"https:\/\/alquezarbuenaventura.com\/fr\/wp-json\/wp\/v2\/pages"}],"about":[{"href":"https:\/\/alquezarbuenaventura.com\/fr\/wp-json\/wp\/v2\/types\/page"}],"author":[{"embeddable":true,"href":"https:\/\/alquezarbuenaventura.com\/fr\/wp-json\/wp\/v2\/users\/1"}],"replies":[{"embeddable":true,"href":"https:\/\/alquezarbuenaventura.com\/fr\/wp-json\/wp\/v2\/comments?post=10405"}],"version-history":[{"count":0,"href":"https:\/\/alquezarbuenaventura.com\/fr\/wp-json\/wp\/v2\/pages\/10405\/revisions"}],"wp:attachment":[{"href":"https:\/\/alquezarbuenaventura.com\/fr\/wp-json\/wp\/v2\/media?parent=10405"}],"curies":[{"name":"wp","href":"https:\/\/api.w.org\/{rel}","templated":true}]}}