{"id":10777,"date":"2014-09-26T17:23:42","date_gmt":"2014-09-26T17:23:42","guid":{"rendered":"http:\/\/alquezarbuenaventura.com\/contact\/"},"modified":"2017-06-30T23:05:34","modified_gmt":"2017-06-30T23:05:34","slug":"contact","status":"publish","type":"page","link":"https:\/\/alquezarbuenaventura.com\/fr\/contact\/","title":{"rendered":"Contact"},"content":{"rendered":"<div id='full_slider_1'  class='avia-fullwidth-slider main_color avia-shadow   avia-builder-el-0  el_before_av_layout_row  avia-builder-el-first   container_wrap sidebar_right'  ><div  class='avia-slideshow av-av_slideshow_full-7c89eef234b705e7a4d2de62d66c7ebb av-control-default avia-slideshow-no scaling av_slideshow_full avia-slide-slider av-default-height-applied   avia-slideshow-1'  data-size='no scaling'  data-lightbox_size='large'  data-animation='slide'  data-conditional_play=''  data-ids='10757'  data-video_counter='0'  data-autoplay='false'  data-bg_slider='false'  data-slide_height=''  data-handle='av_slideshow_full'  data-interval='5'  data-class=''  data-extra_class=' '  data-el_id=''  data-css_id=''  data-scroll_down=''  data-control_layout='av-control-default'  data-custom_markup=''  data-perma_caption=''  data-autoplay_stopper=''  data-image_attachment=''  data-min_height='0px'  data-lazy_loading='disabled'  data-default-height='31.526315789474'  data-stretch=''  data-src=''  data-position='top left'  data-repeat='no-repeat'  data-attach='scroll'  data-img_scrset=''  data-av-desktop-hide=''  data-av-medium-hide=''  data-av-small-hide=''  data-av-mini-hide=''  data-id=''  data-custom_class=''  data-template_class=''  data-av_uid=''  data-sc_version='1.0'  data-heading_tag=''  data-heading_class=''   itemprop=\"image\" itemscope=\"itemscope\" itemtype=\"https:\/\/schema.org\/ImageObject\" ><ul class='avia-slideshow-inner ' style='padding-bottom: 31.526315789474%;'><li  class='avia-slideshow-slide av-av_slideshow_full-7c89eef234b705e7a4d2de62d66c7ebb__0  av-single-slide slide-1 ' ><div data-rel='slideshow-1' class='avia-slide-wrap '   ><img decoding=\"async\" class=\"wp-image-17547 avia-img-lazy-loading-not-17547\"  src=\"https:\/\/alquezarbuenaventura.com\/wp-content\/uploads\/contacta-alquezar.png\" width=\"1900\" height=\"599\" title='contacta alquezar' alt=''  itemprop=\"thumbnailUrl\" srcset=\"https:\/\/alquezarbuenaventura.com\/wp-content\/uploads\/contacta-alquezar.png 1900w, https:\/\/alquezarbuenaventura.com\/wp-content\/uploads\/contacta-alquezar-1030x325.png 1030w, https:\/\/alquezarbuenaventura.com\/wp-content\/uploads\/contacta-alquezar-1500x473.png 1500w, https:\/\/alquezarbuenaventura.com\/wp-content\/uploads\/contacta-alquezar-705x222.png 705w, https:\/\/alquezarbuenaventura.com\/wp-content\/uploads\/contacta-alquezar-450x142.png 450w\" sizes=\"(max-width: 1900px) 100vw, 1900px\" \/><\/div><\/li><\/ul><\/div><\/div>\n<div id='av-layout-grid-1'  class='av-layout-grid-container av-av_layout_row-44862bdf67ddfac6fa09da91f8f0e59b entry-content-wrapper main_color av-flex-cells  avia-builder-el-1  el_after_av_slideshow_full  avia-builder-el-last  grid-row-not-first  container_wrap sidebar_right'  >\n\n<style type=\"text\/css\" data-created_by=\"avia_inline_auto\" id=\"style-css-av-av_cell_one_half-5227a743201b625eadc00b27db60eab9\">\n.flex_cell.av-av_cell_one_half-5227a743201b625eadc00b27db60eab9{\nvertical-align:top;\npadding:30px 30px 30px 30px;\n}\n<\/style>\n<div class='flex_cell av_one_half av-av_cell_one_half-5227a743201b625eadc00b27db60eab9 no_margin  avia-builder-el-2  el_before_av_cell_one_half  avia-builder-el-first ' ><div class='flex_cell_inner'><p>\n<style type=\"text\/css\" data-created_by=\"avia_inline_auto\" id=\"style-css-av-av_heading-e0965794af355198f7890f4481a22c34\">\n#top .av-special-heading.av-av_heading-e0965794af355198f7890f4481a22c34{\npadding-bottom:10px;\n}\nbody .av-special-heading.av-av_heading-e0965794af355198f7890f4481a22c34 .av-special-heading-tag .heading-char{\nfont-size:25px;\n}\n.av-special-heading.av-av_heading-e0965794af355198f7890f4481a22c34 .av-subheading{\nfont-size:15px;\n}\n<\/style>\n<div  class='av-special-heading av-av_heading-e0965794af355198f7890f4481a22c34 av-special-heading-h3  avia-builder-el-3  el_before_av_codeblock  avia-builder-el-first '><h3 class='av-special-heading-tag'  itemprop=\"headline\"  >Comme arriver \u00e0 Buenaventura<\/h3><div class=\"special-heading-border\"><div class=\"special-heading-inner-border\"><\/div><\/div><\/div><br \/>\n<\/p>\n<\/div><\/div>\n<style type=\"text\/css\" data-created_by=\"avia_inline_auto\" id=\"style-css-av-av_cell_one_half-5227a743201b625eadc00b27db60eab9\">\n.flex_cell.av-av_cell_one_half-5227a743201b625eadc00b27db60eab9{\nvertical-align:top;\npadding:30px 30px 30px 30px;\n}\n<\/style>\n<div class='flex_cell av_one_half av-av_cell_one_half-5227a743201b625eadc00b27db60eab9 no_margin  avia-builder-el-5  el_after_av_cell_one_half  avia-builder-el-last ' ><div class='flex_cell_inner'><p>\n<style type=\"text\/css\" data-created_by=\"avia_inline_auto\" id=\"style-css-av-av_heading-f40b3d6dd1b7c6ad06a8d584bb04801b\">\n#top .av-special-heading.av-av_heading-f40b3d6dd1b7c6ad06a8d584bb04801b{\npadding-bottom:10px;\n}\nbody .av-special-heading.av-av_heading-f40b3d6dd1b7c6ad06a8d584bb04801b .av-special-heading-tag .heading-char{\nfont-size:25px;\n}\n.av-special-heading.av-av_heading-f40b3d6dd1b7c6ad06a8d584bb04801b .av-subheading{\nfont-size:15px;\n}\n<\/style>\n<div  class='av-special-heading av-av_heading-f40b3d6dd1b7c6ad06a8d584bb04801b av-special-heading-h3  avia-builder-el-6  el_before_av_contact  avia-builder-el-first '><h3 class='av-special-heading-tag'  itemprop=\"headline\"  >Info et R\u00e9servation<\/h3><div class=\"special-heading-border\"><div class=\"special-heading-inner-border\"><\/div><\/div><\/div><br \/>\n<form action=\"https:\/\/alquezarbuenaventura.com\/fr\/contact\/\" method=\"post\"  class=\"avia_ajax_form av-form-labels-visible   avia-builder-el-7  el_after_av_heading  avia-builder-el-last   \" data-avia-form-id=\"1\" data-avia-redirect='' ><fieldset><p class='  first_form  form_element form_element_half' id='element_avia_1_1'><label for=\"avia_1_1\">Pr\u00e9nom <abbr class=\"required\" title=\"requis(e)\">*<\/abbr><\/label> <input name=\"avia_1_1\" class=\"text_input is_empty\" type=\"text\" id=\"avia_1_1\" value=\"\" \/><\/p><p class='  form_element form_element_half' id='element_avia_2_1'><label for=\"avia_2_1\">Nom<\/label> <input name=\"avia_2_1\" class=\"text_input \" type=\"text\" id=\"avia_2_1\" value=\"\" \/><\/p><p class='  first_form  form_element form_element_half' id='element_avia_3_1'><label for=\"avia_3_1\">E-Mail <abbr class=\"required\" title=\"requis(e)\">*<\/abbr><\/label> <input name=\"avia_3_1\" class=\"text_input is_email\" type=\"text\" id=\"avia_3_1\" value=\"\" \/><\/p><p class='  first_form  form_element form_fullwidth' id='element_avia_4_1'><label for=\"avia_4_1\" class=\"textare_label hidden textare_label_avia_4_1\">Message <abbr class=\"required\" title=\"requis(e)\">*<\/abbr><\/label><textarea  name=\"avia_4_1\" class=\"text_area is_empty\" cols=\"40\" rows=\"7\" id=\"avia_4_1\" ><\/textarea><\/p><div id='avia_5_1' class='av-form-text'><p>\nUne fois que vous avez envoy\u00e9 votre demande, nous vous r\u00e9pondrons dans les plus brefs d\u00e9lais.<\/p>\n<p>*Les coordonn\u00e9es qu\u2019on vient de r\u00e9gistrer ici seront soumises \u00e0 la Politique de privacit\u00e9 existant.<\/p>\n<\/div><p class=\"hidden\"><input type=\"text\" name=\"avia_6_1\" class=\"hidden \" id=\"avia_6_1\" value=\"\" \/><\/p><p class=\"form_element \"><input type=\"hidden\" value=\"1\" name=\"avia_generated_form1\" \/><input type=\"submit\" value=\"Envoyer\" class=\"button\"  data-sending-label=\"Envoi\"\/><\/p><\/fieldset><\/form><div id=\"ajaxresponse_1\" class=\"ajaxresponse ajaxresponse_1 hidden\"><\/div><\/p>\n<\/div><\/div><\/div>\n","protected":false},"excerpt":{"rendered":"","protected":false},"author":1,"featured_media":0,"parent":0,"menu_order":0,"comment_status":"open","ping_status":"open","template":"","meta":{"footnotes":""},"aioseo_notices":[],"_links":{"self":[{"href":"https:\/\/alquezarbuenaventura.com\/fr\/wp-json\/wp\/v2\/pages\/10777"}],"collection":[{"href":"https:\/\/alquezarbuenaventura.com\/fr\/wp-json\/wp\/v2\/pages"}],"about":[{"href":"https:\/\/alquezarbuenaventura.com\/fr\/wp-json\/wp\/v2\/types\/page"}],"author":[{"embeddable":true,"href":"https:\/\/alquezarbuenaventura.com\/fr\/wp-json\/wp\/v2\/users\/1"}],"replies":[{"embeddable":true,"href":"https:\/\/alquezarbuenaventura.com\/fr\/wp-json\/wp\/v2\/comments?post=10777"}],"version-history":[{"count":0,"href":"https:\/\/alquezarbuenaventura.com\/fr\/wp-json\/wp\/v2\/pages\/10777\/revisions"}],"wp:attachment":[{"href":"https:\/\/alquezarbuenaventura.com\/fr\/wp-json\/wp\/v2\/media?parent=10777"}],"curies":[{"name":"wp","href":"https:\/\/api.w.org\/{rel}","templated":true}]}}