{"id":11827,"date":"2017-02-17T19:22:45","date_gmt":"2017-02-17T19:22:45","guid":{"rendered":"http:\/\/alquezarbuenaventura.com\/condicionesdereserva\/"},"modified":"2024-08-23T11:50:02","modified_gmt":"2024-08-23T11:50:02","slug":"conditions-de-reservation","status":"publish","type":"page","link":"https:\/\/alquezarbuenaventura.com\/fr\/conditions-de-reservation\/","title":{"rendered":"Conditions de R\u00e9servation"},"content":{"rendered":"<div id='av_section_1'  class='avia-section av-5i9euab-fbe41020f33df7bac3ce33707f324666 main_color avia-section-large avia-no-shadow  avia-builder-el-0  avia-builder-el-no-sibling  avia-bg-style-scroll container_wrap sidebar_right'  ><div class='container av-section-cont-open' ><main  role=\"main\" itemprop=\"mainContentOfPage\"  class='template-page content  av-content-small alpha units'><div class='post-entry post-entry-type-page post-entry-11827'><div class='entry-content-wrapper clearfix'>\n\n<style type=\"text\/css\" data-created_by=\"avia_inline_auto\" id=\"style-css-av-4n5t777-6aed49892820030c79fe2eaf65af111e\">\n.flex_column.av-4n5t777-6aed49892820030c79fe2eaf65af111e{\nborder-radius:0px 0px 0px 0px;\n-webkit-border-radius:0px 0px 0px 0px;\n-moz-border-radius:0px 0px 0px 0px;\n}\n<\/style>\n<div class='flex_column av-4n5t777-6aed49892820030c79fe2eaf65af111e av_one_half  avia-builder-el-1  el_before_av_one_half  avia-builder-el-first  first flex_column_div av-zero-column-padding '   ><section  class='av_textblock_section av-fhzp9v-441c699592bbb3c4d019190d4f1e6d1e'  itemscope=\"itemscope\" itemtype=\"https:\/\/schema.org\/CreativeWork\" ><div class='avia_textblock'  itemprop=\"text\" ><h2>Conditions de r\u00e9servation.<\/h2>\n<\/div><\/section><br \/>\n<div  class='hr av-e7wr1v-ecd5b845066dc4bb984ef65fb1e4c3aa hr-short  avia-builder-el-3  el_after_av_textblock  el_before_av_textblock  hr-left'><span class='hr-inner '><span class=\"hr-inner-style\"><\/span><\/span><\/div><br \/>\n<section  class='av_textblock_section av-l0yahz60-18072969761b2538ca9e346fd21ae6e7'  itemscope=\"itemscope\" itemtype=\"https:\/\/schema.org\/CreativeWork\" ><div class='avia_textblock'  itemprop=\"text\" ><p><span style=\"font-family: Georgia, Georgia, serif; font-size: 12pt;\">Le participant admet ne pas avoir de probl\u00e8mes physiques, psychiques ou aucune maladie pr\u00e9alable \u00e0 l&#8217;activit\u00e9. Au cas o\u00f9 souffrir une maladie ou l\u00e9sion que peut emp\u00eacher la pratique de cette activit\u00e9, le client est oblig\u00e9 \u00e0 le communiquer \u00e0 l&#8217;entreprise, pour pouvoir \u00e9valuer la situation ou m\u00e9sestimer la r\u00e9alisation de l&#8217;activit\u00e9.<\/span><\/p>\n<ul style=\"list-style-type: circle;\">\n<li><span style=\"font-family: Georgia, Georgia, serif; font-size: 12pt;\"><strong style=\"color: #666699;\"><span style=\"color: #000000;\">RESERVATION<\/span><br \/>\n<\/strong>Il faudra payer une avance pour r\u00e9server l&#8217;activit\u00e9 par virement bancaire ou une m\u00e9thode similaire. La r\u00e9serve deviendra effective au moment de recevoir la recette. En payant le montant total ou l&#8217;avance vous acceptez les conditions ici \u00e9crites.<\/span><br \/>\n<span style=\"font-family: Georgia, Georgia, serif; font-size: 12pt;\"> Dans certaines circonstances, il sera n\u00e9cessaire de payer le montant total de l&#8217;activit\u00e9 pour pouvoir la r\u00e9server.<\/span><\/li>\n<li><span style=\"font-family: Georgia, Georgia, serif; font-size: 12pt;\"><span style=\"color: #000000;\"><strong>L\u00b4ACTIVIT\u00c9<br \/>\n<\/strong><\/span>Au cas o\u00f9 avoir besoin d&#8217;un v\u00e9hicule pour le transport, le client devra utiliser son v\u00e9hicule personnel. Le paiement doit \u00eatre r\u00e9alis\u00e9 avant la sortie l&#8217;activit\u00e9. L&#8217;entreprise se r\u00e9serve le droit de changer un total ou partiellement le programme pour des causes m\u00e9t\u00e9orologiques \u00f3 hydrologiques contraires, en proposant une autre activit\u00e9 de caract\u00e9ristiques similaires. Au cas de suspendre l&#8217;activit\u00e9 commenc\u00e9e par des changements m\u00e9t\u00e9orologiques, hydrologiques, accident ou par des raisons de s\u00e9curit\u00e9, si ne s&#8217;est pas d\u00e9pass\u00e9e la moiti\u00e9 de la dur\u00e9e de l&#8217;activit\u00e9, on aura le 50 % du prix total. S&#8217;il est pass\u00e9 plus de 50 % du temps total, le montant \u00e0 payer sera de 100 %. Au cas o\u00f9 ne pas pouvoir substituer l&#8217;activit\u00e9 par l&#8217;autre, pour des causes de plus grande force, on remboursera au client le prix pay\u00e9.<\/span><\/li>\n<\/ul>\n<ul style=\"list-style-type: circle;\">\n<li><span style=\"font-family: Georgia, Georgia, serif; font-size: 12pt;\"><span style=\"color: #000000;\"><strong>PAIEMENT\u00a0 DE LA ACTIVITE<br \/>\n<\/strong><\/span>Le montant des activit\u00e9s et(ou) les programmes de quelques activit\u00e9s se paieront compl\u00e8tement avant la premi\u00e8re activit\u00e9.<\/span><\/li>\n<\/ul>\n<\/div><\/section><br \/>\n<div  class='hr av-3akyiur-339ec3382a986a9e6a699ed74a181860 hr-short  avia-builder-el-5  el_after_av_textblock  el_before_av_gallery  hr-left'><span class='hr-inner '><span class=\"hr-inner-style\"><\/span><\/span><\/div><br \/>\n\n<style type=\"text\/css\" data-created_by=\"avia_inline_auto\" id=\"style-css-av-31y1yr7-d6f16e5c178b2e3432a4ae06e4266883\">\n#top .avia-gallery.av-31y1yr7-d6f16e5c178b2e3432a4ae06e4266883 .avia-gallery-thumb a{\nwidth:33.3333%;\n}\n<\/style>\n<div  class='avia-gallery av-31y1yr7-d6f16e5c178b2e3432a4ae06e4266883 avia_animate_when_visible  avia-builder-el-6  el_after_av_hr  avia-builder-el-last  av-hide-gallery-thumbs deactivate_avia_lazyload avia-gallery-animate avia-gallery-1'  itemprop=\"image\" itemscope=\"itemscope\" itemtype=\"https:\/\/schema.org\/ImageObject\" ><a class='avia-gallery-big fakeLightbox lightbox avia-gallery-big-crop-thumb ' href=\"https:\/\/alquezarbuenaventura.com\/wp-content\/uploads\/P7230242.jpg\" data-srcset=\"https:\/\/alquezarbuenaventura.com\/wp-content\/uploads\/P7230242.jpg 768w, https:\/\/alquezarbuenaventura.com\/wp-content\/uploads\/P7230242-225x300.jpg 225w, https:\/\/alquezarbuenaventura.com\/wp-content\/uploads\/P7230242-529x705.jpg 529w, https:\/\/alquezarbuenaventura.com\/wp-content\/uploads\/P7230242-450x600.jpg 450w\" data-sizes=\"(max-width: 768px) 100vw, 768px\"  data-onclick='1' title='P7230242' ><span class='avia-gallery-big-inner'  itemprop=\"thumbnailUrl\" ><img decoding=\"async\" class=\"wp-image-15777 avia-img-lazy-loading-not-15777\"  width=\"768\" height=\"1024\" src=\"https:\/\/alquezarbuenaventura.com\/wp-content\/uploads\/P7230242.jpg\" title='P7230242' alt='' srcset=\"https:\/\/alquezarbuenaventura.com\/wp-content\/uploads\/P7230242.jpg 768w, https:\/\/alquezarbuenaventura.com\/wp-content\/uploads\/P7230242-225x300.jpg 225w, https:\/\/alquezarbuenaventura.com\/wp-content\/uploads\/P7230242-529x705.jpg 529w, https:\/\/alquezarbuenaventura.com\/wp-content\/uploads\/P7230242-450x600.jpg 450w\" sizes=\"(max-width: 768px) 100vw, 768px\" \/><\/span><\/a><div class='avia-gallery-thumb'><a href=\"https:\/\/alquezarbuenaventura.com\/wp-content\/uploads\/P7230242.jpg\" data-srcset=\"https:\/\/alquezarbuenaventura.com\/wp-content\/uploads\/P7230242.jpg 768w, https:\/\/alquezarbuenaventura.com\/wp-content\/uploads\/P7230242-225x300.jpg 225w, https:\/\/alquezarbuenaventura.com\/wp-content\/uploads\/P7230242-529x705.jpg 529w, https:\/\/alquezarbuenaventura.com\/wp-content\/uploads\/P7230242-450x600.jpg 450w\" data-sizes=\"(max-width: 768px) 100vw, 768px\" data-rel='gallery-1' data-prev-img='https:\/\/alquezarbuenaventura.com\/wp-content\/uploads\/P7230242.jpg' class='first_thumb lightbox ' data-onclick='1' title='P7230242'  itemprop=\"thumbnailUrl\"  ><img decoding=\"async\" class=\"wp-image-15777 avia-img-lazy-loading-not-15777\"   src=\"https:\/\/alquezarbuenaventura.com\/wp-content\/uploads\/P7230242-495x400.jpg\" width=\"495\" height=\"400\"  title='P7230242' alt='' \/><div class='big-prev-fake'><img loading=\"lazy\" decoding=\"async\" class=\"wp-image-15777 avia-img-lazy-loading-15777\"  width=\"768\" height=\"1024\" src=\"https:\/\/alquezarbuenaventura.com\/wp-content\/uploads\/P7230242.jpg\" title='P7230242' alt='' srcset=\"https:\/\/alquezarbuenaventura.com\/wp-content\/uploads\/P7230242.jpg 768w, https:\/\/alquezarbuenaventura.com\/wp-content\/uploads\/P7230242-225x300.jpg 225w, https:\/\/alquezarbuenaventura.com\/wp-content\/uploads\/P7230242-529x705.jpg 529w, https:\/\/alquezarbuenaventura.com\/wp-content\/uploads\/P7230242-450x600.jpg 450w\" sizes=\"(max-width: 768px) 100vw, 768px\" \/><\/div><\/a><a href=\"https:\/\/alquezarbuenaventura.com\/wp-content\/uploads\/P6300040.jpg\" data-srcset=\"https:\/\/alquezarbuenaventura.com\/wp-content\/uploads\/P6300040.jpg 768w, https:\/\/alquezarbuenaventura.com\/wp-content\/uploads\/P6300040-225x300.jpg 225w, https:\/\/alquezarbuenaventura.com\/wp-content\/uploads\/P6300040-529x705.jpg 529w, https:\/\/alquezarbuenaventura.com\/wp-content\/uploads\/P6300040-450x600.jpg 450w\" data-sizes=\"(max-width: 768px) 100vw, 768px\" data-rel='gallery-1' data-prev-img='https:\/\/alquezarbuenaventura.com\/wp-content\/uploads\/P6300040.jpg' class='lightbox ' data-onclick='2' title='P6300040'  itemprop=\"thumbnailUrl\"  ><img decoding=\"async\" class=\"wp-image-15223 avia-img-lazy-loading-not-15223\"   src=\"https:\/\/alquezarbuenaventura.com\/wp-content\/uploads\/P6300040-495x400.jpg\" width=\"495\" height=\"400\"  title='P6300040' alt='' \/><div class='big-prev-fake'><img loading=\"lazy\" decoding=\"async\" class=\"wp-image-15223 avia-img-lazy-loading-15223\"  width=\"768\" height=\"1024\" src=\"https:\/\/alquezarbuenaventura.com\/wp-content\/uploads\/P6300040.jpg\" title='P6300040' alt='' srcset=\"https:\/\/alquezarbuenaventura.com\/wp-content\/uploads\/P6300040.jpg 768w, https:\/\/alquezarbuenaventura.com\/wp-content\/uploads\/P6300040-225x300.jpg 225w, https:\/\/alquezarbuenaventura.com\/wp-content\/uploads\/P6300040-529x705.jpg 529w, https:\/\/alquezarbuenaventura.com\/wp-content\/uploads\/P6300040-450x600.jpg 450w\" sizes=\"(max-width: 768px) 100vw, 768px\" \/><\/div><\/a><a href=\"https:\/\/alquezarbuenaventura.com\/wp-content\/uploads\/P7110126.jpg\" data-srcset=\"https:\/\/alquezarbuenaventura.com\/wp-content\/uploads\/P7110126.jpg 768w, https:\/\/alquezarbuenaventura.com\/wp-content\/uploads\/P7110126-225x300.jpg 225w, https:\/\/alquezarbuenaventura.com\/wp-content\/uploads\/P7110126-529x705.jpg 529w, https:\/\/alquezarbuenaventura.com\/wp-content\/uploads\/P7110126-450x600.jpg 450w\" data-sizes=\"(max-width: 768px) 100vw, 768px\" data-rel='gallery-1' data-prev-img='https:\/\/alquezarbuenaventura.com\/wp-content\/uploads\/P7110126.jpg' class='lightbox ' data-onclick='3' title='P7110126'  itemprop=\"thumbnailUrl\"  ><img decoding=\"async\" class=\"wp-image-15729 avia-img-lazy-loading-not-15729\"   src=\"https:\/\/alquezarbuenaventura.com\/wp-content\/uploads\/P7110126-495x400.jpg\" width=\"495\" height=\"400\"  title='P7110126' alt='' \/><div class='big-prev-fake'><img loading=\"lazy\" decoding=\"async\" class=\"wp-image-15729 avia-img-lazy-loading-15729\"  width=\"768\" height=\"1024\" src=\"https:\/\/alquezarbuenaventura.com\/wp-content\/uploads\/P7110126.jpg\" title='P7110126' alt='' srcset=\"https:\/\/alquezarbuenaventura.com\/wp-content\/uploads\/P7110126.jpg 768w, https:\/\/alquezarbuenaventura.com\/wp-content\/uploads\/P7110126-225x300.jpg 225w, https:\/\/alquezarbuenaventura.com\/wp-content\/uploads\/P7110126-529x705.jpg 529w, https:\/\/alquezarbuenaventura.com\/wp-content\/uploads\/P7110126-450x600.jpg 450w\" sizes=\"(max-width: 768px) 100vw, 768px\" \/><\/div><\/a><\/div><\/div><\/p><\/div>\n<style type=\"text\/css\" data-created_by=\"avia_inline_auto\" id=\"style-css-av-2mcurxv-d062bb008267b322614317ea9dc847ca\">\n.flex_column.av-2mcurxv-d062bb008267b322614317ea9dc847ca{\nborder-radius:0px 0px 0px 0px;\n-webkit-border-radius:0px 0px 0px 0px;\n-moz-border-radius:0px 0px 0px 0px;\n}\n<\/style>\n<div class='flex_column av-2mcurxv-d062bb008267b322614317ea9dc847ca av_one_half  avia-builder-el-7  el_after_av_one_half  avia-builder-el-last  flex_column_div av-zero-column-padding '   ><p>\n<style type=\"text\/css\" data-created_by=\"avia_inline_auto\" id=\"style-css-av-22fdatv-f59a0c3447a620606772d85765aa8941\">\n#top .avia-gallery.av-22fdatv-f59a0c3447a620606772d85765aa8941 .avia-gallery-thumb a{\nwidth:14.2857%;\n}\n<\/style>\n<div  class='avia-gallery av-22fdatv-f59a0c3447a620606772d85765aa8941 avia_animate_when_visible  avia-builder-el-8  el_before_av_hr  avia-builder-el-first  av-hide-gallery-thumbs deactivate_avia_lazyload avia-gallery-animate avia-gallery-2'  itemprop=\"image\" itemscope=\"itemscope\" itemtype=\"https:\/\/schema.org\/ImageObject\" ><a class='avia-gallery-big fakeLightbox lightbox avia-gallery-big-crop-thumb ' href=\"https:\/\/alquezarbuenaventura.com\/wp-content\/uploads\/P7070051.jpg\" data-srcset=\"https:\/\/alquezarbuenaventura.com\/wp-content\/uploads\/P7070051.jpg 768w, https:\/\/alquezarbuenaventura.com\/wp-content\/uploads\/P7070051-225x300.jpg 225w, https:\/\/alquezarbuenaventura.com\/wp-content\/uploads\/P7070051-529x705.jpg 529w, https:\/\/alquezarbuenaventura.com\/wp-content\/uploads\/P7070051-450x600.jpg 450w\" data-sizes=\"(max-width: 768px) 100vw, 768px\"  data-onclick='1' title='P7070051' ><span class='avia-gallery-big-inner'  itemprop=\"thumbnailUrl\" ><img decoding=\"async\" class=\"wp-image-15241 avia-img-lazy-loading-not-15241\"  width=\"768\" height=\"1024\" src=\"https:\/\/alquezarbuenaventura.com\/wp-content\/uploads\/P7070051.jpg\" title='P7070051' alt='' srcset=\"https:\/\/alquezarbuenaventura.com\/wp-content\/uploads\/P7070051.jpg 768w, https:\/\/alquezarbuenaventura.com\/wp-content\/uploads\/P7070051-225x300.jpg 225w, https:\/\/alquezarbuenaventura.com\/wp-content\/uploads\/P7070051-529x705.jpg 529w, https:\/\/alquezarbuenaventura.com\/wp-content\/uploads\/P7070051-450x600.jpg 450w\" sizes=\"(max-width: 768px) 100vw, 768px\" \/><\/span><\/a><div class='avia-gallery-thumb'><a href=\"https:\/\/alquezarbuenaventura.com\/wp-content\/uploads\/P7070051.jpg\" data-srcset=\"https:\/\/alquezarbuenaventura.com\/wp-content\/uploads\/P7070051.jpg 768w, https:\/\/alquezarbuenaventura.com\/wp-content\/uploads\/P7070051-225x300.jpg 225w, https:\/\/alquezarbuenaventura.com\/wp-content\/uploads\/P7070051-529x705.jpg 529w, https:\/\/alquezarbuenaventura.com\/wp-content\/uploads\/P7070051-450x600.jpg 450w\" data-sizes=\"(max-width: 768px) 100vw, 768px\" data-rel='gallery-2' data-prev-img='https:\/\/alquezarbuenaventura.com\/wp-content\/uploads\/P7070051.jpg' class='first_thumb lightbox ' data-onclick='1' title='P7070051'  itemprop=\"thumbnailUrl\"  ><img decoding=\"async\" class=\"wp-image-15241 avia-img-lazy-loading-not-15241\"   src=\"https:\/\/alquezarbuenaventura.com\/wp-content\/uploads\/P7070051-495x400.jpg\" width=\"495\" height=\"400\"  title='P7070051' alt='' \/><div class='big-prev-fake'><img loading=\"lazy\" decoding=\"async\" class=\"wp-image-15241 avia-img-lazy-loading-15241\"  width=\"768\" height=\"1024\" src=\"https:\/\/alquezarbuenaventura.com\/wp-content\/uploads\/P7070051.jpg\" title='P7070051' alt='' srcset=\"https:\/\/alquezarbuenaventura.com\/wp-content\/uploads\/P7070051.jpg 768w, https:\/\/alquezarbuenaventura.com\/wp-content\/uploads\/P7070051-225x300.jpg 225w, https:\/\/alquezarbuenaventura.com\/wp-content\/uploads\/P7070051-529x705.jpg 529w, https:\/\/alquezarbuenaventura.com\/wp-content\/uploads\/P7070051-450x600.jpg 450w\" sizes=\"(max-width: 768px) 100vw, 768px\" \/><\/div><\/a><\/div><\/div><br \/>\n\n<style type=\"text\/css\" data-created_by=\"avia_inline_auto\" id=\"style-css-av-1hzyoer-859d47b05a64ac3dae2c446e7f4e89b2\">\n#top .hr.hr-invisible.av-1hzyoer-859d47b05a64ac3dae2c446e7f4e89b2{\nheight:70px;\n}\n<\/style>\n<div  class='hr av-1hzyoer-859d47b05a64ac3dae2c446e7f4e89b2 hr-invisible  avia-builder-el-9  el_after_av_gallery  el_before_av_textblock '><span class='hr-inner '><span class=\"hr-inner-style\"><\/span><\/span><\/div><br \/>\n<section  class='av_textblock_section av-l0yafjym-1e8a48f32bb0f527bb3045f799804453'  itemscope=\"itemscope\" itemtype=\"https:\/\/schema.org\/CreativeWork\" ><div class='avia_textblock'  itemprop=\"text\" ><p><span style=\"color: #000000; font-size: 12pt; font-family: Georgia, Georgia, serif;\"><strong>ANNULATIONS<\/strong><\/span><\/p>\n<p><span style=\"font-size: 12pt; font-family: Georgia, Georgia, serif;\">Si le client annule l&#8217;activit\u00e9 pr\u00e9alablement r\u00e9serv\u00e9e, le montant pay\u00e9 ne sera pas rembours\u00e9.<\/span><br \/>\n<span style=\"font-size: 12pt; font-family: Georgia, Georgia, serif;\"> Si le client d\u00e9cide d&#8217;annuler l&#8217;activit\u00e9 programm\u00e9e pour des raisons ind\u00e9pendantes de la volont\u00e9 de l&#8217;entreprise, et que l&#8217;entreprise a mis en place tous les moyens raisonnables pour que l&#8217;activit\u00e9 ait lieu, le montant pay\u00e9 ne sera pas rembours\u00e9.<\/span><br \/>\n<span style=\"font-size: 12pt; font-family: Georgia, Georgia, serif;\"> L&#8217;annulation de la r\u00e9servation le jour m\u00eame de la r\u00e9alisation de l&#8217;activit\u00e9, ou la non-pr\u00e9sentation \u00e0 la date et \u00e0 l&#8217;heure indiqu\u00e9es, entra\u00eenera l&#8217;obligation pour le client de payer le montant total de l&#8217;activit\u00e9.<\/span><br \/>\n<span style=\"font-size: 12pt; font-family: Georgia, Georgia, serif;\"> Les remboursements seront effectu\u00e9s de pr\u00e9f\u00e9rence par le m\u00eame moyen que celui utilis\u00e9 pour le paiement.<\/span><\/p>\n<p><span style=\"font-size: 12pt; font-family: Georgia, Georgia, serif;\"><strong><span style=\"color: #000000;\">ANNULATIONS BON CADEAU<\/span><\/strong><\/span><\/p>\n<p><span style=\"font-size: 12pt; font-family: Georgia, Georgia, serif;\">Les bons cadeaux sont valables 365 jours \u00e0 partir du moment de leur achat.<\/span><br \/>\n<span style=\"font-size: 12pt; font-family: Georgia, Georgia, serif;\"> Aucun changement de date initialement r\u00e9serv\u00e9 n&#8217;est accept\u00e9. En cas d&#8217;annulation, d&#8217;annulation ou de non-pr\u00e9sentation \u00e0 l&#8217;activit\u00e9, le montant pay\u00e9 ne sera pas rembours\u00e9.<\/span><\/p>\n<p><span style=\"font-size: 12pt; font-family: Georgia, Georgia, serif;\"><strong><span style=\"color: #000000;\">CONDITIONS PHYSIQUES<\/span><\/strong><\/span><\/p>\n<p><span style=\"font-size: 12pt; font-family: Georgia, Georgia, serif;\">Les activit\u00e9s de montagne sont des activit\u00e9s physiques, qui n\u00e9cessitent de marcher 4 \u00e0 5 heures, avec des mont\u00e9es et des descentes, parfois sous le soleil, il est donc n\u00e9cessaire d&#8217;avoir une\u00a0 bonne condition physique.<\/span><br \/>\n<span style=\"font-size: 12pt; font-family: Georgia, Georgia, serif;\"> LES ACTIVIT\u00c9S NE PEUVENT PAS \u00caTRE R\u00c9ALIS\u00c9ES SOUS L&#8217;INFLUENCE DE L&#8217;ALCOOL OU DE DROGUES. En cas d&#8217;impossibilit\u00e9 de r\u00e9aliser l&#8217;activit\u00e9 pour ces raisons, le montant ne sera en aucun cas rembours\u00e9.<\/span><br \/>\n<span style=\"font-size: 12pt; font-family: Georgia, Georgia, serif;\"> Il est n\u00e9cessaire de communiquer \u00e0 l&#8217;entreprise \u00e0 l&#8217;avance si l&#8217;un des participants a besoin d&#8217;une attention sp\u00e9cifique ou pr\u00e9sente un risque pour la sant\u00e9.<\/span><br \/>\n<span style=\"font-size: 12pt; font-family: Georgia, Georgia, serif;\"> En cas de circonstances dangereuses pour la pratique sportive (surpoids, probl\u00e8mes cardiaques, etc.), l&#8217;organisation peut refuser la pratique de l&#8217;activit\u00e9. Il est n\u00e9cessaire de fournir des informations pr\u00e9cises sur les poids et les mesures demand\u00e9s dans le formulaire de r\u00e9servation, car ils sont n\u00e9cessaires pour la pr\u00e9paration du mat\u00e9riel utilis\u00e9 dans l&#8217;activit\u00e9.<\/span><\/p>\n<p><span style=\"font-size: 12pt; font-family: Georgia, Georgia, serif;\">En cas o\u00f9 le client, de sa propre volont\u00e9, en raison de l&#8217;absence du mat\u00e9riel indispensable (chaussures de sport), ou du non-respect des conditions n\u00e9cessaires au d\u00e9roulement de l&#8217;activit\u00e9, soit exclu de celle-ci, le montant de l&#8217;activit\u00e9 ne sera pas rembours\u00e9.<\/span><\/p>\n<p><span style=\"font-size: 12pt; font-family: Georgia, Georgia, serif;\"><strong>BIDONS<\/strong><\/span><\/p>\n<p><span style=\"font-size: 12pt; font-family: Georgia, Georgia, serif;\">Les bidons conteneurs sont assez s\u00fbrs, mais (bien que ce ne soit pas courant) de l&#8217;eau peut y p\u00e9n\u00e9trer, en raison d&#8217;une mauvaise fermeture, d&#8217;un choc, etc.<\/span><br \/>\n<span style=\"font-size: 12pt; font-family: Georgia, Georgia, serif;\"> Nous recommandons de ne pas y mettre des objets de valeur, uniquement de la nourriture et des v\u00eatements. Certains objets peuvent \u00eatre transport\u00e9s par le guide (par exemple, les cl\u00e9s de la voiture), ou laiss\u00e9s dans le v\u00e9hicule, au bureau, etc. Gu\u00edas Buenaventura n&#8217;est pas responsable des objets d\u00e9pos\u00e9s dans les bidons.<\/span><\/p>\n<p><span style=\"font-size: 12pt; font-family: Georgia, Georgia, serif;\"><strong>ASSURANCES DES ACTIVIT\u00c9S<\/strong><\/span><\/p>\n<p><span style=\"font-size: 12pt; font-family: Georgia, Georgia, serif;\">Gu\u00edas Buenaventura dispose des assurances obligatoires pour les activit\u00e9s sportives conform\u00e9ment aux lois \u00e9tablies ; assurances de responsabilit\u00e9 civile R.C et assurance accidents.<\/span><\/p>\n<p><span style=\"font-size: 12pt; font-family: Georgia, Georgia, serif;\"><strong>INFORMATIONS SUR LE SITE WEB<\/strong><\/span><\/p>\n<p><span style=\"font-size: 12pt; font-family: Georgia, Georgia, serif;\">La descente de canyons et l&#8217;escalade sont des sports \u00e0 risque. Gu\u00edas Buenaventura n&#8217;est pas responsable des activit\u00e9s r\u00e9alis\u00e9es par vos propres moyens \u00e0 partir des contenus du site web, du blog, etc., ni des erreurs dans les textes, photos ou croquis. La copie ou la diffusion de photos ou de contenus sans l&#8217;autorisation de l&#8217;auteur est interdite.<\/span><\/p>\n<p><span style=\"font-size: 12pt; font-family: Georgia, Georgia, serif;\"><strong>CONTACT<\/strong><\/span><\/p>\n<p><span style=\"font-size: 12pt; font-family: Georgia, Georgia, serif;\">Gu\u00edas Buenaventura met \u00e0 disposition un registre des r\u00e9clamations pour les clients. Vous pouvez \u00e9galement contacter l&#8217;entreprise \u00e0 l&#8217;adresse <a rel=\"noopener\">info@alquezarbuenaventura.com<\/a>.<\/span><\/p>\n<p class=\"tw-data-text tw-text-large XcVN5d tw-ta\" dir=\"ltr\" data-placeholder=\"Traducci\u00f3n\">\n<\/div><\/section><br \/>\n<div  class='hr av-4mcrjn-1c711fac87217103fb261c68b732b6ac hr-short  avia-builder-el-11  el_after_av_textblock  el_before_av_button  hr-left'><span class='hr-inner '><span class=\"hr-inner-style\"><\/span><\/span><\/div><br \/>\n<div  class='avia-button-wrap avia-button-left  avia-builder-el-12  el_after_av_hr  avia-builder-el-last ' ><a href='http:\/\/alquezarbuenaventura.com\/contact\/'  class='avia-button av-untwoj-2b3767b51a49ee250b87695703082b05 avia-icon_select-yes-left-icon avia-size-large avia-position-left avia-color-theme-color-subtle' ><span class='avia_button_icon avia_button_icon_left' aria-hidden='true' data-av_icon='\ue81f' data-av_iconfont='entypo-fontello'><\/span><span class='avia_iconbox_title' >CONTACTEZ- NOUS...<\/span><\/a><\/div><\/p><\/div><\/div><\/div><\/main><!-- close content main element --><\/div><\/div><div id='after_section_1'  class='main_color av_default_container_wrap container_wrap sidebar_right'  ><div class='container av-section-cont-open' ><div class='template-page content  av-content-small alpha units'><div class='post-entry post-entry-type-page post-entry-11827'><div class='entry-content-wrapper clearfix'>\n","protected":false},"excerpt":{"rendered":"","protected":false},"author":1,"featured_media":0,"parent":0,"menu_order":0,"comment_status":"closed","ping_status":"closed","template":"","meta":{"footnotes":""},"aioseo_notices":[],"_links":{"self":[{"href":"https:\/\/alquezarbuenaventura.com\/fr\/wp-json\/wp\/v2\/pages\/11827"}],"collection":[{"href":"https:\/\/alquezarbuenaventura.com\/fr\/wp-json\/wp\/v2\/pages"}],"about":[{"href":"https:\/\/alquezarbuenaventura.com\/fr\/wp-json\/wp\/v2\/types\/page"}],"author":[{"embeddable":true,"href":"https:\/\/alquezarbuenaventura.com\/fr\/wp-json\/wp\/v2\/users\/1"}],"replies":[{"embeddable":true,"href":"https:\/\/alquezarbuenaventura.com\/fr\/wp-json\/wp\/v2\/comments?post=11827"}],"version-history":[{"count":0,"href":"https:\/\/alquezarbuenaventura.com\/fr\/wp-json\/wp\/v2\/pages\/11827\/revisions"}],"wp:attachment":[{"href":"https:\/\/alquezarbuenaventura.com\/fr\/wp-json\/wp\/v2\/media?parent=11827"}],"curies":[{"name":"wp","href":"https:\/\/api.w.org\/{rel}","templated":true}]}}